{"id":85,"date":"2021-04-28T15:42:45","date_gmt":"2021-04-28T15:42:45","guid":{"rendered":"http:\/\/colegiofemar.cl\/web\/?page_id=85"},"modified":"2022-03-25T19:23:47","modified_gmt":"2022-03-25T19:23:47","slug":"comunidad-religiosa","status":"publish","type":"page","link":"https:\/\/colegiofemar.cl\/web\/comunidad-religiosa\/","title":{"rendered":"Comunidad religiosa"},"content":{"rendered":"<div class=\"slider-wrapper relative \" id=\"slider-548861647\" >\n    <div class=\"slider slider-nav-circle slider-nav-large slider-nav-light slider-style-normal\"\n        data-flickity-options='{\n            \"cellAlign\": \"center\",\n            \"imagesLoaded\": true,\n            \"lazyLoad\": 1,\n            \"freeScroll\": false,\n            \"wrapAround\": true,\n            \"autoPlay\": 6000,\n            \"pauseAutoPlayOnHover\" : true,\n            \"prevNextButtons\": true,\n            \"contain\" : true,\n            \"adaptiveHeight\" : true,\n            \"dragThreshold\" : 5,\n            \"percentPosition\": true,\n            \"pageDots\": true,\n            \"rightToLeft\": false,\n            \"draggable\": true,\n            \"selectedAttraction\": 0.1,\n            \"parallax\" : 0,\n            \"friction\": 0.6        }'\n        >\n        \n\n  <div class=\"banner has-hover has-parallax\" id=\"banner-204270138\">\n          <div class=\"banner-inner fill\">\n        <div class=\"banner-bg fill\" data-parallax=\"-4\" data-parallax-container=\".banner\" data-parallax-background>\n            <div class=\"bg fill bg-fill \"><\/div>\n                        <div class=\"overlay\"><\/div>            \n                    <\/div><!-- bg-layers -->\n        <div class=\"banner-layers container\">\n            <div class=\"fill banner-link\"><\/div>            \n   <div id=\"text-box-277004220\" class=\"text-box banner-layer x50 md-x50 lg-x50 y50 md-y50 lg-y50 res-text\">\n                                <div class=\"text dark\">\n              \n              <div class=\"text-inner text-center\">\n                  \n<h2 style=\"text-align: center;\"><strong>Comunidad Religiosa<\/strong><\/h2>\n<p style=\"text-align: center;\"><strong>Colegio Femenino Madre del Rosario<\/strong><\/p>\n              <\/div>\n           <\/div><!-- text-box-inner -->\n                            \n<style scope=\"scope\">\n\n#text-box-277004220 {\n  width: 60%;\n}\n#text-box-277004220 .text {\n  font-size: 100%;\n}\n<\/style>\n    <\/div><!-- text-box -->\n \n        <\/div><!-- .banner-layers -->\n      <\/div><!-- .banner-inner -->\n\n            \n<style scope=\"scope\">\n\n#banner-204270138 {\n  padding-top: 20%;\n  background-color: rgba(13, 72, 149, 0.85);\n}\n#banner-204270138 .bg.bg-loaded {\n  background-image: url(https:\/\/colegiofemar.cl\/web\/wp-content\/uploads\/2021\/05\/IMG_0097-1-2.jpg);\n}\n#banner-204270138 .overlay {\n  background-color: rgba(13, 72, 149, 0.85);\n}\n#banner-204270138 .bg {\n  background-position: 59% 65%;\n}\n<\/style>\n  <\/div><!-- .banner -->\n\n\n     <\/div>\n\n     <div class=\"loading-spin dark large centered\"><\/div>\n\n     <style scope=\"scope\">\n             <\/style>\n<\/div><!-- .ux-slider-wrapper -->\n\n\n\t<section class=\"section\" id=\"section_315042754\">\n\t\t<div class=\"bg section-bg fill bg-fill  bg-loaded\" >\n\n\t\t\t\n\t\t\t<div class=\"section-bg-overlay absolute fill\"><\/div>\n\t\t\t\n\n\t\t<\/div><!-- .section-bg -->\n\n\t\t<div class=\"section-content relative\">\n\t\t\t\n<div class=\"row\"  id=\"row-1433367402\">\n<div class=\"col small-12 large-12\"  ><div class=\"col-inner\"  >\n<p>Somos una Congregaci\u00f3n con identidad Misionera, inserta en el coraz\u00f3n de los pueblos m\u00e1s pobres para anunciar la Buena Noticia de Jesucristo, liberador de toda opresi\u00f3n.<\/p>\n<p>Queremos vivir en fraternidad, insertas al interior de un pueblo, compartiendo nuestra vida en una comunidad en la que intentamos hacer realidad los valores del evangelio y buscamos hacer posible un mundo de hermanos y hermanas, en el que nos podamos sentar todos\/as a la mesa para compartir el pan.<\/p>\n<p>Nos anima el especial Carisma que el Esp\u00edritu suscit\u00f3 en nuestros Fundadores y del que nos sentimos continuadoras: \u201cEvangelizar a los pobres en aquellas situaciones misioneras donde la Iglesia m\u00e1s nos necesite\u201d. En medio de las distintas realidades hist\u00f3ricas de nuestros pueblos, queremos permanecer fieles a este ideal evang\u00e9lico. Este Carisma misionero significa para nosotras vivir una m\u00edstica de contemplaci\u00f3n-acci\u00f3n, encontrando al Se\u00f1or en la oraci\u00f3n y contemplando al Dios vivo actuando en la historia y que nos env\u00eda permanente a los hermanos m\u00e1s pobres.<\/p>\n<p>La Comunidad Religiosa de las Hermanas Dominicas del Rosario de Antofagasta la integran:<\/p>\n<ul>\n<li>Hna. Eneida Galarce, Representante Legal de la Fundaci\u00f3n Educacional.<\/li>\n<li>Hna. Celinda Vega Vergara : Religiosa de la Comunidad.<\/li>\n<li>Hna. Angelina LLamazares : Religiosa de la Comunidad.<\/li>\n<li>Hna. Berta Vargas Benitez : Religiosa de la Comunidad.<\/li>\n<li>Hna. Mar\u00eda Teresa Echeverria : Religiosa de la Comunidad.<\/li>\n<\/ul>\n<\/div><\/div>\n<\/div>\n\t\t<\/div><!-- .section-content -->\n\n\t\t\n<style scope=\"scope\">\n\n#section_315042754 {\n  padding-top: 60px;\n  padding-bottom: 60px;\n  background-color: rgb(255, 255, 255);\n}\n#section_315042754 .section-bg-overlay {\n  background-color: rgba(255, 255, 255, 0.85);\n}\n<\/style>\n\t<\/section>\n\t\n\t<section class=\"section dark has-mask mask-angled\" id=\"section_1197293764\">\n\t\t<div class=\"bg section-bg fill bg-fill  \" >\n\n\t\t\t\n\t\t\t\n\t\t\t\n\n\t\t<\/div><!-- .section-bg -->\n\n\t\t<div class=\"section-content relative\">\n\t\t\t\n<div class=\"gap-element\" style=\"display:block; height:auto; padding-top:217px\" class=\"clearfix\"><\/div>\n\t\t<\/div><!-- .section-content -->\n\n\t\t\n<style scope=\"scope\">\n\n#section_1197293764 {\n  padding-top: 30px;\n  padding-bottom: 30px;\n  background-color: rgb(40, 40, 40);\n}\n#section_1197293764 .section-bg.bg-loaded {\n  background-image: url(https:\/\/colegiofemar.cl\/web\/wp-content\/uploads\/2021\/05\/14610999_1279316375426414_3258050549340424184_n.jpg);\n}\n#section_1197293764 .section-bg {\n  background-position: 51% 21%;\n}\n<\/style>\n\t<\/section>\n\t\n\t<section class=\"section\" id=\"section_1989741610\">\n\t\t<div class=\"bg section-bg fill bg-fill  bg-loaded\" >\n\n\t\t\t\n\t\t\t\n\t\t\t\n\n\t\t<\/div><!-- .section-bg -->\n\n\t\t<div class=\"section-content relative\">\n\t\t\t\n<div class=\"row\"  id=\"row-837705992\">\n<div class=\"col small-12 large-12\"  ><div class=\"col-inner text-left\"  >\n<p><strong>Rese\u00f1a Hist\u00f3rica<\/strong><\/p>\n<p>La Congregaci\u00f3n de Misioneras Dominicas del Rosario surge para dar respuesta a una necesidad apremiante de la Iglesia entre los nativos de la Selva Peruana.<\/p>\n<p>A finales de siglo XIX, la segunda revoluci\u00f3n industrial hab\u00eda convertido el caucho en una materia prima que alcanzar\u00eda cotizaciones astron\u00f3micas en los mercados internacionales. La Amazon\u00eda peruana se convertir\u00eda en una de las principales fuentes de riqueza del Per\u00fa y una mano de obra barata y explotada.<\/p>\n<p>A esa zona lleg\u00f3 el Padre Ram\u00f3n Zubieta, con el prop\u00f3sito de anunciar el Reino entre los nativos de la selva peruana. M\u00e1s tarde \u00e9l escribir\u00e1 a sus hermanos dominicos: \u201c\u00bfC\u00f3mo se fundaron estas misiones? Con innumerables sudores, viajes, d\u00edas y d\u00edas a pie, a lomo de bestias, en fr\u00e1giles canoas, pasando hambre, naufragios, pobreza y persecuciones no s\u00f3lo de seglares (caucheros), sino de los mismos religiosos, he naufragado varias veces y en una de ellas vi perecer delante de m\u00ed, a dos varas de distancia, a cuatro hombres llenos de robustez y de vida\u2026.\u201d.<br \/>Pronto experimentan los misioneros que su labor con los ni\u00f1os no era suficiente y que era indispensable llevar la evangelizaci\u00f3n a las ni\u00f1as y a las mujeres. El Padre Ram\u00f3n Zubieta empieza a dar pasos para invitar a hermanas que tuvieran la audacia de entrar en la dif\u00edcil realidad de la selva. En una de sus cartas dice: \u201cMe conmovi\u00f3 profundamente la situaci\u00f3n de la mujer en la selva. Desde ese momento se me clav\u00f3 en la mente y el coraz\u00f3n la idea de remediar tanta vileza y no ve\u00eda otra manera sino introduciendo en el apostolado de la Monta\u00f1a la colaboraci\u00f3n de religiosas. S\u00f3lo ellas pod\u00edan penetrar en el alma de esas mujeres y darles a conocer su propia dignidad\u201d.<\/p>\n<div class=\"row\"  id=\"row-1494666391\">\n<div class=\"col medium-4 small-12 large-4\"  data-animate=\"fadeInRight\"><div class=\"col-inner\"  >\n\t<div class=\"img has-hover x md-x lg-x y md-y lg-y\" id=\"image_112276663\">\n\t\t\t\t\t\t\t\t<div class=\"img-inner dark\" >\n\t\t\t<img width=\"316\" height=\"321\" src=\"https:\/\/colegiofemar.cl\/web\/wp-content\/uploads\/2021\/05\/imagen2.jpg\" class=\"attachment-large size-large\" alt=\"\" decoding=\"async\" loading=\"lazy\" srcset=\"https:\/\/colegiofemar.cl\/web\/wp-content\/uploads\/2021\/05\/imagen2.jpg 316w, https:\/\/colegiofemar.cl\/web\/wp-content\/uploads\/2021\/05\/imagen2-295x300.jpg 295w\" sizes=\"(max-width: 316px) 100vw, 316px\" \/>\t\t\t\t\t\t\n\t\t\t\t\t<\/div>\n\t\t\t\t\t\t\t\t\n<style scope=\"scope\">\n\n#image_112276663 {\n  width: 99%;\n}\n<\/style>\n\t<\/div>\n\t\n<\/div><\/div>\n<div class=\"col medium-4 small-12 large-4\"  data-animate=\"fadeInRight\"><div class=\"col-inner\"  >\n\t<div class=\"img has-hover x md-x lg-x y md-y lg-y\" id=\"image_340159782\">\n\t\t\t\t\t\t\t\t<div class=\"img-inner dark\" >\n\t\t\t<img width=\"291\" height=\"305\" src=\"https:\/\/colegiofemar.cl\/web\/wp-content\/uploads\/2021\/05\/imagen1.jpg\" class=\"attachment-large size-large\" alt=\"\" decoding=\"async\" loading=\"lazy\" srcset=\"https:\/\/colegiofemar.cl\/web\/wp-content\/uploads\/2021\/05\/imagen1.jpg 291w, https:\/\/colegiofemar.cl\/web\/wp-content\/uploads\/2021\/05\/imagen1-286x300.jpg 286w\" sizes=\"(max-width: 291px) 100vw, 291px\" \/>\t\t\t\t\t\t\n\t\t\t\t\t<\/div>\n\t\t\t\t\t\t\t\t\n<style scope=\"scope\">\n\n#image_340159782 {\n  width: 100%;\n}\n<\/style>\n\t<\/div>\n\t\n<\/div><\/div>\n<div class=\"col medium-4 small-12 large-4\"  data-animate=\"fadeInRight\"><div class=\"col-inner\"  >\n\t<div class=\"img has-hover x md-x lg-x y md-y lg-y\" id=\"image_1308429270\">\n\t\t\t\t\t\t\t\t<div class=\"img-inner dark\" >\n\t\t\t<img width=\"261\" height=\"333\" src=\"https:\/\/colegiofemar.cl\/web\/wp-content\/uploads\/2021\/05\/imagen4.jpg\" class=\"attachment-large size-large\" alt=\"\" decoding=\"async\" loading=\"lazy\" srcset=\"https:\/\/colegiofemar.cl\/web\/wp-content\/uploads\/2021\/05\/imagen4.jpg 261w, https:\/\/colegiofemar.cl\/web\/wp-content\/uploads\/2021\/05\/imagen4-235x300.jpg 235w\" sizes=\"(max-width: 261px) 100vw, 261px\" \/>\t\t\t\t\t\t\n\t\t\t\t\t<\/div>\n\t\t\t\t\t\t\t\t\n<style scope=\"scope\">\n\n#image_1308429270 {\n  width: 85%;\n}\n<\/style>\n\t<\/div>\n\t\n<\/div><\/div>\n<\/div>\n<p>La Prefectura Apost\u00f3lica de Madre de Dios ser\u00e1 convertida en Vicariato Apost\u00f3lico, otorgando a su titular la dignidad episcopal. El P. Zubieta ir\u00e1 a Roma para ser consagrado Obispo y aprovechar\u00e1 este viaje, de paso por Espa\u00f1a, para conseguir religiosas que quieran venir a las Misiones. As\u00ed el 30 de diciembre de 1913 desembarcaron en el Puerto del Callao, Per\u00fa, la expedici\u00f3n presidida por Mons. Ram\u00f3n Zubieta, e integrada por cuatro dominicos y las seis dominicas espa\u00f1olas de clausura procedentes del Colegio de Santa Rosa de Huesca, entre ellas M. Ascensi\u00f3n Nicol quien llevar\u00eda el peso de la fundaci\u00f3n de la Congregaci\u00f3n. Llegaban con gran ilusi\u00f3n y dispuestas a continuar su viaje hasta el coraz\u00f3n de la selva amaz\u00f3nica.<\/p>\n<p>En Lima, las hermanas se alojan en el beaterio \u201cNtra. Sra. del Patrocinio\u201d, tambi\u00e9n de dominicas quienes, asesoradas y apoyadas por Mons. Zubieta, se unir\u00e1n al proyecto misionero. A los pocos meses de haber llegado, Madre Ascensi\u00f3n es elegida Priora de esta comunidad, siendo reconocidas sus innatas cualidades de l\u00edder. La comunidad del Patrocinio, despu\u00e9s de superar muchas dificultades, se establecer\u00e1 en base a tres principios: vida en com\u00fan, pobreza religiosa y caridad fraterna y evang\u00e9lica. All\u00ed vivieron las hermanas un tiempo de preparaci\u00f3n para luego entrar a la selva peruana, misi\u00f3n a la que hab\u00edan venido.<\/p>\n<p>La noticia de que al fin las misioneras se iban a la monta\u00f1a corri\u00f3 pronto por Lima. El P. Osende, Procurador General de las Misiones de Santo Domingo del Urubamba, que apoy\u00f3 incondicionalmente a Madre Ascensi\u00f3n, escribe: \u201cNo es f\u00e1cil describir la sorpresa y admiraci\u00f3n que este hecho despert\u00f3 entonces en el Per\u00fa. Era la primera vez en su historia que se realizaba semejante expedici\u00f3n a las regiones fabulosas del oriente peruano. Hasta entonces las expediciones eran empresas de hombres aguerridos, exploradores audaces, capitanes valientes y, sobre todo, de intr\u00e9pidos misioneros. Pero con resultados tan tr\u00e1gicos, que pocos lograban la dicha de poder contarlos. Y pensar que ahora iban a realizar su haza\u00f1a unas d\u00e9biles y humildes religiosas. As\u00ed no faltaron quienes tacharon esto m\u00e1s de imprudencia, de temeridad, de locura. La misma gente compasiva de la sierra, al verlas atravesar los Andes, intentaba disuadirlas de sus prop\u00f3sitos dici\u00e9ndoles que el camino no ten\u00eda vuelta para ellas\u201d.<\/p>\n<p>La Congregaci\u00f3n no naci\u00f3 de una idea preconcebida, ni de un plan preestablecido, sino que, como todas las grandes obras, fue evolucionando desde un germen rudimentario hasta su construcci\u00f3n completa. La realidad de la misi\u00f3n en la selva les fue llevando a adoptar un estilo de vida y una organizaci\u00f3n distinta tanto a las del Beaterio de Lima como a las del Convento de Huesca en Espa\u00f1a. As\u00ed se convirtieron en una Congregaci\u00f3n religiosa independiente.<br \/>Madre Ascensi\u00f3n Nicol, al hacerse misionera y fundar la primera casa-misi\u00f3n en la selva, nunca pens\u00f3 ser fundadora de un nuevo Instituto religioso, ni pod\u00eda haber cosa m\u00e1s ajena a su profunda humildad. Tampoco Mons. Zubieta ten\u00eda ese prop\u00f3sito cuando llev\u00f3 las primeras misioneras al Per\u00fa. Pero las circunstancias de la selva le fueron obligando a tomar la alternativa de crear una nueva Congregaci\u00f3n. Pronto obtienen la aprobaci\u00f3n de las primeras Constituciones y el 5 de Octubre de 1918 se erigi\u00f3 en Lima la Congregaci\u00f3n de Hermanas Misioneras Dominicas del Sant\u00edsimo Rosario y Madre Ascensi\u00f3n Nicol fue nombrada Superiora General. Acababa de nacer la Congregaci\u00f3n en un acto solemne en la Capilla del beaterio Ntra. Sra. del Patrocinio. El fin espec\u00edfico de la Congregaci\u00f3n es, seg\u00fan las Constituciones de 1918, \u201cla evangelizaci\u00f3n de los infieles ante todo, y despu\u00e9s la instrucci\u00f3n de los fieles m\u00e1s necesitados y abandonados\u201d (Const. de 1918. Introducci\u00f3n Cap. III).<br \/>El primer Consejo General lo formar\u00edan tres espa\u00f1olas y tres peruanas. En este momento empezaban los 22 a\u00f1os en que, sin interrupci\u00f3n, M. Ascensi\u00f3n, estar\u00eda al frente del Instituto que contaba ya con comunidades en Maldonado, Tahuamanu, Huacho y Lima, donde hab\u00eda un floreciente Noviciado.<\/p>\n<p>En 1920 Monse\u00f1or Zubieta, Madre Ascensi\u00f3n y Madre Visitaci\u00f3n viajan a Roma y son recibidos por el Papa Benedicto XV el 24 de marzo. Al d\u00eda siguiente, festividad de la Anunciaci\u00f3n, la Congregaci\u00f3n de Misioneras Dominicas del Rosario es agregada a la Orden de Predicadores. Se dan los \u00faltimos pasos y se funda el Noviciado en Pamplona, que ser\u00e1 un semillero de vocaciones misioneras.<\/p>\n\t<div class=\"img has-hover x md-x lg-x y md-y lg-y\" id=\"image_2098187563\">\n\t\t\t\t\t\t\t\t<div class=\"img-inner dark\" >\n\t\t\t<img width=\"842\" height=\"636\" src=\"https:\/\/colegiofemar.cl\/web\/wp-content\/uploads\/2021\/05\/misioneras.jpg\" class=\"attachment-large size-large\" alt=\"\" decoding=\"async\" loading=\"lazy\" srcset=\"https:\/\/colegiofemar.cl\/web\/wp-content\/uploads\/2021\/05\/misioneras.jpg 842w, https:\/\/colegiofemar.cl\/web\/wp-content\/uploads\/2021\/05\/misioneras-300x227.jpg 300w, https:\/\/colegiofemar.cl\/web\/wp-content\/uploads\/2021\/05\/misioneras-768x580.jpg 768w\" sizes=\"(max-width: 842px) 100vw, 842px\" \/>\t\t\t\t\t\t\n\t\t\t\t\t<\/div>\n\t\t\t\t\t\t\t\t\n<style scope=\"scope\">\n\n#image_2098187563 {\n  width: 100%;\n}\n<\/style>\n\t<\/div>\n\t\n<\/div><\/div>\n<\/div>\n\t\t<\/div><!-- .section-content -->\n\n\t\t\n<style scope=\"scope\">\n\n#section_1989741610 {\n  padding-top: 30px;\n  padding-bottom: 30px;\n}\n<\/style>\n\t<\/section>\n\t\n","protected":false},"excerpt":{"rendered":"","protected":false},"author":1,"featured_media":0,"parent":0,"menu_order":0,"comment_status":"closed","ping_status":"closed","template":"page-blank.php","meta":[],"_links":{"self":[{"href":"https:\/\/colegiofemar.cl\/web\/wp-json\/wp\/v2\/pages\/85"}],"collection":[{"href":"https:\/\/colegiofemar.cl\/web\/wp-json\/wp\/v2\/pages"}],"about":[{"href":"https:\/\/colegiofemar.cl\/web\/wp-json\/wp\/v2\/types\/page"}],"author":[{"embeddable":true,"href":"https:\/\/colegiofemar.cl\/web\/wp-json\/wp\/v2\/users\/1"}],"replies":[{"embeddable":true,"href":"https:\/\/colegiofemar.cl\/web\/wp-json\/wp\/v2\/comments?post=85"}],"version-history":[{"count":6,"href":"https:\/\/colegiofemar.cl\/web\/wp-json\/wp\/v2\/pages\/85\/revisions"}],"predecessor-version":[{"id":1455,"href":"https:\/\/colegiofemar.cl\/web\/wp-json\/wp\/v2\/pages\/85\/revisions\/1455"}],"wp:attachment":[{"href":"https:\/\/colegiofemar.cl\/web\/wp-json\/wp\/v2\/media?parent=85"}],"curies":[{"name":"wp","href":"https:\/\/api.w.org\/{rel}","templated":true}]}}